{"id":2389,"date":"2023-08-18T04:27:16","date_gmt":"2023-08-18T04:27:16","guid":{"rendered":"https:\/\/lapuerta.net\/?page_id=2389"},"modified":"2026-04-27T13:51:03","modified_gmt":"2026-04-27T13:51:03","slug":"el-pasillo-secreto","status":"publish","type":"page","link":"https:\/\/lapuerta.net\/en\/el-pasillo-secreto\/","title":{"rendered":"El pasillo secreto"},"content":{"rendered":"<div data-elementor-type=\"wp-page\" data-elementor-id=\"2389\" class=\"elementor elementor-2389\">\n\t\t\t\t\t\t<section class=\"elementor-section elementor-top-section elementor-element elementor-element-04ee07e elementor-section-stretched elementor-section-boxed elementor-section-height-default elementor-section-height-default\" data-id=\"04ee07e\" data-element_type=\"section\" data-e-type=\"section\" data-settings=\"{&quot;stretch_section&quot;:&quot;section-stretched&quot;,&quot;background_background&quot;:&quot;classic&quot;}\">\n\t\t\t\t\t\t<div class=\"elementor-container elementor-column-gap-default\">\n\t\t\t\t\t<div class=\"elementor-column elementor-col-100 elementor-top-column elementor-element elementor-element-67bb741\" data-id=\"67bb741\" data-element_type=\"column\" data-e-type=\"column\">\n\t\t\t<div class=\"elementor-widget-wrap elementor-element-populated\">\n\t\t\t\t\t\t<div class=\"elementor-element elementor-element-b72675f elementor-widget elementor-widget-heading\" data-id=\"b72675f\" data-element_type=\"widget\" data-e-type=\"widget\" data-widget_type=\"heading.default\">\n\t\t\t\t<div class=\"elementor-widget-container\">\n\t\t\t\t\t<h2 class=\"elementor-heading-title elementor-size-xxl\">el pasillo secreto<\/h2>\t\t\t\t<\/div>\n\t\t\t\t<\/div>\n\t\t\t\t<div class=\"elementor-element elementor-element-28d1091 elementor-widget elementor-widget-text-editor\" data-id=\"28d1091\" data-element_type=\"widget\" data-e-type=\"widget\" data-widget_type=\"text-editor.default\">\n\t\t\t\t<div class=\"elementor-widget-container\">\n\t\t\t\t\t\t\t\t\t<p style=\"text-align: center;\">Lograron colocar los n\u00fameros de los diales en la posici\u00f3n correcta, pero sorpresa, \u00a1una puerta secreta se abre!<\/p><p style=\"text-align: center;\">Ingresan por la puerta y se encuentran en un pasillo \u00f3frico y t\u00e9trico&#8230;<\/p><p style=\"text-align: center;\">En cada pared hay cuadros que parecen mirarlos, la incomodidad del ambiente parece poder m\u00e1s que sus ganas de escapar, pero no es momento para mirar atr\u00e1s.<\/p><p style=\"text-align: center;\">Al final del pasillo hay una puerta pero est\u00e1 cerrada y no hay como abrirla&#8230; \u00a1solo un comp\u00e1s al lado de la puerta con un peque\u00f1o interruptor movible!<\/p>\t\t\t\t\t\t\t\t<\/div>\n\t\t\t\t<\/div>\n\t\t\t\t<div class=\"elementor-element elementor-element-6d606dc elementor-widget elementor-widget-image\" data-id=\"6d606dc\" data-element_type=\"widget\" data-e-type=\"widget\" data-widget_type=\"image.default\">\n\t\t\t\t<div class=\"elementor-widget-container\">\n\t\t\t\t\t\t\t\t\t\t\t\t\t\t\t<img fetchpriority=\"high\" decoding=\"async\" width=\"900\" height=\"563\" src=\"https:\/\/lapuerta.net\/wp-content\/uploads\/2023\/08\/PARED-2.jpg\" class=\"attachment-full size-full wp-image-2391\" alt=\"\" srcset=\"https:\/\/lapuerta.net\/wp-content\/uploads\/2023\/08\/PARED-2.jpg 900w, https:\/\/lapuerta.net\/wp-content\/uploads\/2023\/08\/PARED-2-300x188.jpg 300w, https:\/\/lapuerta.net\/wp-content\/uploads\/2023\/08\/PARED-2-768x480.jpg 768w, https:\/\/lapuerta.net\/wp-content\/uploads\/2023\/08\/PARED-2-18x12.jpg 18w\" sizes=\"(max-width: 900px) 100vw, 900px\" \/>\t\t\t\t\t\t\t\t\t\t\t\t\t\t\t<\/div>\n\t\t\t\t<\/div>\n\t\t\t\t<div class=\"elementor-element elementor-element-23cc8d2 elementor-widget elementor-widget-image\" data-id=\"23cc8d2\" data-element_type=\"widget\" data-e-type=\"widget\" data-widget_type=\"image.default\">\n\t\t\t\t<div class=\"elementor-widget-container\">\n\t\t\t\t\t\t\t\t\t\t\t\t\t\t\t<img decoding=\"async\" width=\"900\" height=\"563\" data-src=\"https:\/\/lapuerta.net\/wp-content\/uploads\/2023\/08\/PARED-1.jpg\" class=\"attachment-full size-full wp-image-2390 lazyload\" alt=\"\" data-srcset=\"https:\/\/lapuerta.net\/wp-content\/uploads\/2023\/08\/PARED-1.jpg 900w, https:\/\/lapuerta.net\/wp-content\/uploads\/2023\/08\/PARED-1-300x188.jpg 300w, https:\/\/lapuerta.net\/wp-content\/uploads\/2023\/08\/PARED-1-768x480.jpg 768w, https:\/\/lapuerta.net\/wp-content\/uploads\/2023\/08\/PARED-1-18x12.jpg 18w\" data-sizes=\"(max-width: 900px) 100vw, 900px\" src=\"data:image\/svg+xml;base64,PHN2ZyB3aWR0aD0iMSIgaGVpZ2h0PSIxIiB4bWxucz0iaHR0cDovL3d3dy53My5vcmcvMjAwMC9zdmciPjwvc3ZnPg==\" style=\"--smush-placeholder-width: 900px; --smush-placeholder-aspect-ratio: 900\/563;\" \/>\t\t\t\t\t\t\t\t\t\t\t\t\t\t\t<\/div>\n\t\t\t\t<\/div>\n\t\t\t\t<div class=\"elementor-element elementor-element-70e9141 elementor-widget elementor-widget-text-editor\" data-id=\"70e9141\" data-element_type=\"widget\" data-e-type=\"widget\" data-widget_type=\"text-editor.default\">\n\t\t\t\t<div class=\"elementor-widget-container\">\n\t\t\t\t\t\t\t\t\t<p style=\"text-align: center;\">Tambi\u00e9n han encontrado algo tallado en el piso&#8230; \u00bflo necesitar\u00e1n?\u00a0<\/p>\t\t\t\t\t\t\t\t<\/div>\n\t\t\t\t<\/div>\n\t\t\t\t<section class=\"elementor-section elementor-inner-section elementor-element elementor-element-1d191f8 elementor-section-boxed elementor-section-height-default elementor-section-height-default\" data-id=\"1d191f8\" data-element_type=\"section\" data-e-type=\"section\">\n\t\t\t\t\t\t<div class=\"elementor-container elementor-column-gap-default\">\n\t\t\t\t\t<div class=\"elementor-column elementor-col-100 elementor-inner-column elementor-element elementor-element-b3853b8\" data-id=\"b3853b8\" data-element_type=\"column\" data-e-type=\"column\">\n\t\t\t<div class=\"elementor-widget-wrap elementor-element-populated\">\n\t\t\t\t\t\t<div class=\"elementor-element elementor-element-35800d3 elementor-widget elementor-widget-image\" data-id=\"35800d3\" data-element_type=\"widget\" data-e-type=\"widget\" data-widget_type=\"image.default\">\n\t\t\t\t<div class=\"elementor-widget-container\">\n\t\t\t\t\t\t\t\t\t\t\t\t\t\t\t<img decoding=\"async\" data-src=\"https:\/\/lapuerta.net\/wp-content\/uploads\/elementor\/thumbs\/RUEDA-EXTERNA-qb2t6vdjejn7bwoah6z66u11vuw63vm0xzfhqdz0rk.jpg\" title=\"RUEDA EXTERNA\" alt=\"RUEDA EXTERNA\" src=\"data:image\/svg+xml;base64,PHN2ZyB3aWR0aD0iMSIgaGVpZ2h0PSIxIiB4bWxucz0iaHR0cDovL3d3dy53My5vcmcvMjAwMC9zdmciPjwvc3ZnPg==\" class=\"lazyload\" style=\"--smush-placeholder-width: 400px; --smush-placeholder-aspect-ratio: 400\/400;\" \/>\t\t\t\t\t\t\t\t\t\t\t\t\t\t\t<\/div>\n\t\t\t\t<\/div>\n\t\t\t\t<div class=\"elementor-element elementor-element-28ac098 elementor-widget elementor-widget-shortcode\" data-id=\"28ac098\" data-element_type=\"widget\" data-e-type=\"widget\" data-widget_type=\"shortcode.default\">\n\t\t\t\t<div class=\"elementor-widget-container\">\n\t\t\t\t\t\t\t<div class=\"elementor-shortcode\">\n<div class=\"wpcf7 no-js\" id=\"wpcf7-f2560-o1\" lang=\"es-ES\" dir=\"ltr\" data-wpcf7-id=\"2560\">\n<div class=\"screen-reader-response\"><p role=\"status\" aria-live=\"polite\" aria-atomic=\"true\"><\/p> <ul><\/ul><\/div>\n<form action=\"\/en\/wp-json\/wp\/v2\/pages\/2389#wpcf7-f2560-o1\" method=\"post\" class=\"wpcf7-form init\" aria-label=\"Formulario de contacto\" novalidate=\"novalidate\" data-status=\"init\" data-trp-original-action=\"\/en\/wp-json\/wp\/v2\/pages\/2389#wpcf7-f2560-o1\">\n<div style=\"display: none;\">\n<input type=\"hidden\" name=\"_wpcf7\" value=\"2560\" \/>\n<input type=\"hidden\" name=\"_wpcf7_version\" value=\"6.0.6\" \/>\n<input type=\"hidden\" name=\"_wpcf7_locale\" value=\"es_ES\" \/>\n<input type=\"hidden\" name=\"_wpcf7_unit_tag\" value=\"wpcf7-f2560-o1\" \/>\n<input type=\"hidden\" name=\"_wpcf7_container_post\" value=\"0\" \/>\n<input type=\"hidden\" name=\"_wpcf7_posted_data_hash\" value=\"\" \/>\n<\/div>\n<p><label><br \/>\n<span class=\"wpcf7-form-control-wrap\" data-name=\"expected-text-form3\"><input size=\"40\" maxlength=\"400\" class=\"wpcf7-form-control wpcf7-text wpcf7-validates-as-required\" aria-required=\"true\" aria-invalid=\"false\" placeholder=\"Texto en MAY\u00daSCULAS\" value=\"\" type=\"text\" name=\"expected-text-form3\" \/><\/span><br \/>\n<\/label>\n<\/p>\n<p><input class=\"wpcf7-form-control wpcf7-submit has-spinner\" type=\"submit\" value=\"Intentar abrir la puerta\" \/>\n<\/p><div class=\"wpcf7-response-output\" aria-hidden=\"true\"><\/div>\n<input type=\"hidden\" name=\"trp-form-language\" value=\"en\"\/><\/form>\n<\/div>\n<\/div>\n\t\t\t\t\t\t<\/div>\n\t\t\t\t<\/div>\n\t\t\t\t\t<\/div>\n\t\t<\/div>\n\t\t\t\t\t<\/div>\n\t\t<\/section>\n\t\t\t\t<div class=\"elementor-element elementor-element-463905a elementor-align-center elementor-widget elementor-widget-button\" data-id=\"463905a\" data-element_type=\"widget\" data-e-type=\"widget\" data-widget_type=\"button.default\">\n\t\t\t\t<div class=\"elementor-widget-container\">\n\t\t\t\t\t\t\t\t\t<div class=\"elementor-button-wrapper\">\n\t\t\t\t\t<a class=\"elementor-button elementor-button-link elementor-size-sm\" href=\"https:\/\/wa.link\/4eckqk\" target=\"_blank\">\n\t\t\t\t\t\t<span class=\"elementor-button-content-wrapper\">\n\t\t\t\t\t\t\t\t\t<span class=\"elementor-button-text\">NECESITAMOS AYUDA<\/span>\n\t\t\t\t\t<\/span>\n\t\t\t\t\t<\/a>\n\t\t\t\t<\/div>\n\t\t\t\t\t\t\t\t<\/div>\n\t\t\t\t<\/div>\n\t\t\t\t<div class=\"elementor-element elementor-element-5e208ab elementor-widget elementor-widget-spacer\" data-id=\"5e208ab\" data-element_type=\"widget\" data-e-type=\"widget\" data-widget_type=\"spacer.default\">\n\t\t\t\t<div class=\"elementor-widget-container\">\n\t\t\t\t\t\t\t<div class=\"elementor-spacer\">\n\t\t\t<div class=\"elementor-spacer-inner\"><\/div>\n\t\t<\/div>\n\t\t\t\t\t\t<\/div>\n\t\t\t\t<\/div>\n\t\t\t\t\t<\/div>\n\t\t<\/div>\n\t\t\t\t\t<\/div>\n\t\t<\/section>\n\t\t\t\t<\/div>","protected":false},"excerpt":{"rendered":"<p>el pasillo secreto Lograron colocar los n\u00fameros de los diales en la posici\u00f3n correcta, pero sorpresa, \u00a1una puerta secreta se abre! Ingresan por la puerta y se encuentran en un pasillo \u00f3frico y t\u00e9trico&#8230; En cada pared hay cuadros que parecen mirarlos, la incomodidad del ambiente parece poder m\u00e1s que sus ganas de escapar, pero [&hellip;]<\/p>\n","protected":false},"author":1,"featured_media":0,"parent":0,"menu_order":0,"comment_status":"closed","ping_status":"closed","template":"elementor_header_footer","meta":{"_acf_changed":false,"om_disable_all_campaigns":false,"_monsterinsights_skip_tracking":false,"_monsterinsights_sitenote_active":false,"_monsterinsights_sitenote_note":"","_monsterinsights_sitenote_category":0,"site-sidebar-layout":"no-sidebar","site-content-layout":"page-builder","ast-site-content-layout":"default","site-content-style":"default","site-sidebar-style":"default","ast-global-header-display":"","ast-banner-title-visibility":"","ast-main-header-display":"","ast-hfb-above-header-display":"","ast-hfb-below-header-display":"","ast-hfb-mobile-header-display":"","site-post-title":"disabled","ast-breadcrumbs-content":"","ast-featured-img":"disabled","footer-sml-layout":"","theme-transparent-header-meta":"","adv-header-id-meta":"","stick-header-meta":"","header-above-stick-meta":"","header-main-stick-meta":"","header-below-stick-meta":"","astra-migrate-meta-layouts":"set","ast-page-background-enabled":"default","ast-page-background-meta":{"desktop":{"background-color":"","background-image":"","background-repeat":"repeat","background-position":"center center","background-size":"auto","background-attachment":"scroll","background-type":"","background-media":"","overlay-type":"","overlay-color":"","overlay-opacity":"","overlay-gradient":""},"tablet":{"background-color":"","background-image":"","background-repeat":"repeat","background-position":"center center","background-size":"auto","background-attachment":"scroll","background-type":"","background-media":"","overlay-type":"","overlay-color":"","overlay-opacity":"","overlay-gradient":""},"mobile":{"background-color":"","background-image":"","background-repeat":"repeat","background-position":"center center","background-size":"auto","background-attachment":"scroll","background-type":"","background-media":"","overlay-type":"","overlay-color":"","overlay-opacity":"","overlay-gradient":""}},"ast-content-background-meta":{"desktop":{"background-color":"var(--ast-global-color-5)","background-image":"","background-repeat":"repeat","background-position":"center center","background-size":"auto","background-attachment":"scroll","background-type":"","background-media":"","overlay-type":"","overlay-color":"","overlay-opacity":"","overlay-gradient":""},"tablet":{"background-color":"var(--ast-global-color-5)","background-image":"","background-repeat":"repeat","background-position":"center center","background-size":"auto","background-attachment":"scroll","background-type":"","background-media":"","overlay-type":"","overlay-color":"","overlay-opacity":"","overlay-gradient":""},"mobile":{"background-color":"var(--ast-global-color-5)","background-image":"","background-repeat":"repeat","background-position":"center center","background-size":"auto","background-attachment":"scroll","background-type":"","background-media":"","overlay-type":"","overlay-color":"","overlay-opacity":"","overlay-gradient":""}},"footnotes":""},"class_list":["post-2389","page","type-page","status-publish","hentry"],"acf":[],"aioseo_notices":[],"_links":{"self":[{"href":"https:\/\/lapuerta.net\/en\/wp-json\/wp\/v2\/pages\/2389"}],"collection":[{"href":"https:\/\/lapuerta.net\/en\/wp-json\/wp\/v2\/pages"}],"about":[{"href":"https:\/\/lapuerta.net\/en\/wp-json\/wp\/v2\/types\/page"}],"author":[{"embeddable":true,"href":"https:\/\/lapuerta.net\/en\/wp-json\/wp\/v2\/users\/1"}],"replies":[{"embeddable":true,"href":"https:\/\/lapuerta.net\/en\/wp-json\/wp\/v2\/comments?post=2389"}],"version-history":[{"count":32,"href":"https:\/\/lapuerta.net\/en\/wp-json\/wp\/v2\/pages\/2389\/revisions"}],"predecessor-version":[{"id":5326,"href":"https:\/\/lapuerta.net\/en\/wp-json\/wp\/v2\/pages\/2389\/revisions\/5326"}],"wp:attachment":[{"href":"https:\/\/lapuerta.net\/en\/wp-json\/wp\/v2\/media?parent=2389"}],"curies":[{"name":"wp","href":"https:\/\/api.w.org\/{rel}","templated":true}]}}