{"id":2440,"date":"2023-08-18T04:58:15","date_gmt":"2023-08-18T04:58:15","guid":{"rendered":"https:\/\/lapuerta.net\/?page_id=2440"},"modified":"2026-04-27T13:51:04","modified_gmt":"2026-04-27T13:51:04","slug":"la-llave","status":"publish","type":"page","link":"https:\/\/lapuerta.net\/en\/la-llave\/","title":{"rendered":"La llave"},"content":{"rendered":"<div data-elementor-type=\"wp-page\" data-elementor-id=\"2440\" class=\"elementor elementor-2440\">\n\t\t\t\t\t\t<section class=\"elementor-section elementor-top-section elementor-element elementor-element-04ee07e elementor-section-stretched elementor-section-boxed elementor-section-height-default elementor-section-height-default\" data-id=\"04ee07e\" data-element_type=\"section\" data-e-type=\"section\" data-settings=\"{&quot;stretch_section&quot;:&quot;section-stretched&quot;,&quot;background_background&quot;:&quot;classic&quot;}\">\n\t\t\t\t\t\t<div class=\"elementor-container elementor-column-gap-default\">\n\t\t\t\t\t<div class=\"elementor-column elementor-col-100 elementor-top-column elementor-element elementor-element-67bb741\" data-id=\"67bb741\" data-element_type=\"column\" data-e-type=\"column\">\n\t\t\t<div class=\"elementor-widget-wrap elementor-element-populated\">\n\t\t\t\t\t\t<div class=\"elementor-element elementor-element-b72675f elementor-widget elementor-widget-heading\" data-id=\"b72675f\" data-element_type=\"widget\" data-e-type=\"widget\" data-widget_type=\"heading.default\">\n\t\t\t\t<div class=\"elementor-widget-container\">\n\t\t\t\t\t<h2 class=\"elementor-heading-title elementor-size-xxl\">la llave<\/h2>\t\t\t\t<\/div>\n\t\t\t\t<\/div>\n\t\t\t\t<div class=\"elementor-element elementor-element-28d1091 elementor-widget elementor-widget-text-editor\" data-id=\"28d1091\" data-element_type=\"widget\" data-e-type=\"widget\" data-widget_type=\"text-editor.default\">\n\t\t\t\t<div class=\"elementor-widget-container\">\n\t\t\t\t\t\t\t\t\t<p style=\"text-align: center;\">\u00a1Ah\u00ed est\u00e1! Encontraron la llave de salida de la Mansi\u00f3n en el caj\u00f3n de la mesa de noche&#8230; ahora es momento de correr a la puerta y escapar antes de que queden encerrados por siempre&#8230;<\/p>\t\t\t\t\t\t\t\t<\/div>\n\t\t\t\t<\/div>\n\t\t\t\t<div class=\"elementor-element elementor-element-6d606dc elementor-widget elementor-widget-image\" data-id=\"6d606dc\" data-element_type=\"widget\" data-e-type=\"widget\" data-widget_type=\"image.default\">\n\t\t\t\t<div class=\"elementor-widget-container\">\n\t\t\t\t\t\t\t\t\t\t\t\t\t\t\t<img fetchpriority=\"high\" decoding=\"async\" width=\"800\" height=\"534\" src=\"https:\/\/lapuerta.net\/wp-content\/uploads\/2023\/08\/LLAVE.jpg\" class=\"attachment-full size-full wp-image-2422\" alt=\"\" srcset=\"https:\/\/lapuerta.net\/wp-content\/uploads\/2023\/08\/LLAVE.jpg 800w, https:\/\/lapuerta.net\/wp-content\/uploads\/2023\/08\/LLAVE-300x200.jpg 300w, https:\/\/lapuerta.net\/wp-content\/uploads\/2023\/08\/LLAVE-768x513.jpg 768w, https:\/\/lapuerta.net\/wp-content\/uploads\/2023\/08\/LLAVE-18x12.jpg 18w\" sizes=\"(max-width: 800px) 100vw, 800px\" \/>\t\t\t\t\t\t\t\t\t\t\t\t\t\t\t<\/div>\n\t\t\t\t<\/div>\n\t\t\t\t<div class=\"elementor-element elementor-element-70e9141 elementor-widget elementor-widget-text-editor\" data-id=\"70e9141\" data-element_type=\"widget\" data-e-type=\"widget\" data-widget_type=\"text-editor.default\">\n\t\t\t\t<div class=\"elementor-widget-container\">\n\t\t\t\t\t\t\t\t\t<p style=\"text-align: center;\">Fue una noche diferente&#8230; que pudo salir peor de lo que sali\u00f3&#8230; \u00bfesconder\u00e1 la Mansi\u00f3n de los Susurros Escondidos otros secretos? Quiz\u00e1s es una pregunta que alg\u00fan d\u00eda podr\u00e1n responderse&#8230;\u00a0<\/p>\t\t\t\t\t\t\t\t<\/div>\n\t\t\t\t<\/div>\n\t\t\t\t<div class=\"elementor-element elementor-element-35800d3 elementor-widget elementor-widget-image\" data-id=\"35800d3\" data-element_type=\"widget\" data-e-type=\"widget\" data-widget_type=\"image.default\">\n\t\t\t\t<div class=\"elementor-widget-container\">\n\t\t\t\t\t\t\t\t\t\t\t\t\t\t\t<img decoding=\"async\" width=\"800\" height=\"689\" data-src=\"https:\/\/lapuerta.net\/wp-content\/uploads\/2023\/08\/719633a81bf5abcfb847916140caa0a1.jpg\" class=\"attachment-full size-full wp-image-2441 lazyload\" alt=\"\" data-srcset=\"https:\/\/lapuerta.net\/wp-content\/uploads\/2023\/08\/719633a81bf5abcfb847916140caa0a1.jpg 800w, https:\/\/lapuerta.net\/wp-content\/uploads\/2023\/08\/719633a81bf5abcfb847916140caa0a1-300x258.jpg 300w, https:\/\/lapuerta.net\/wp-content\/uploads\/2023\/08\/719633a81bf5abcfb847916140caa0a1-768x661.jpg 768w, https:\/\/lapuerta.net\/wp-content\/uploads\/2023\/08\/719633a81bf5abcfb847916140caa0a1-14x12.jpg 14w\" data-sizes=\"(max-width: 800px) 100vw, 800px\" src=\"data:image\/svg+xml;base64,PHN2ZyB3aWR0aD0iMSIgaGVpZ2h0PSIxIiB4bWxucz0iaHR0cDovL3d3dy53My5vcmcvMjAwMC9zdmciPjwvc3ZnPg==\" style=\"--smush-placeholder-width: 800px; --smush-placeholder-aspect-ratio: 800\/689;\" \/>\t\t\t\t\t\t\t\t\t\t\t\t\t\t\t<\/div>\n\t\t\t\t<\/div>\n\t\t\t\t<div class=\"elementor-element elementor-element-89a5fa2 elementor-widget elementor-widget-text-editor\" data-id=\"89a5fa2\" data-element_type=\"widget\" data-e-type=\"widget\" data-widget_type=\"text-editor.default\">\n\t\t\t\t<div class=\"elementor-widget-container\">\n\t\t\t\t\t\t\t\t\t<p style=\"text-align: center;\">\u00a1Felicidades por ganar nuestra Sala de Escape Virtual! Ahora es el turno de jugar una de verdad&#8230; \u00a1Los esperamos!<\/p>\t\t\t\t\t\t\t\t<\/div>\n\t\t\t\t<\/div>\n\t\t\t\t<div class=\"elementor-element elementor-element-bc8d14c elementor-align-center elementor-widget elementor-widget-button\" data-id=\"bc8d14c\" data-element_type=\"widget\" data-e-type=\"widget\" data-widget_type=\"button.default\">\n\t\t\t\t<div class=\"elementor-widget-container\">\n\t\t\t\t\t\t\t\t\t<div class=\"elementor-button-wrapper\">\n\t\t\t\t\t<a class=\"elementor-button elementor-button-link elementor-size-sm\" href=\"https:\/\/wa.link\/kpw2d8\" target=\"_blank\">\n\t\t\t\t\t\t<span class=\"elementor-button-content-wrapper\">\n\t\t\t\t\t\t\t\t\t<span class=\"elementor-button-text\">QUEREMOS PROBAR UNA<br>SALA DE ESCAPE EN VIVO<\/span>\n\t\t\t\t\t<\/span>\n\t\t\t\t\t<\/a>\n\t\t\t\t<\/div>\n\t\t\t\t\t\t\t\t<\/div>\n\t\t\t\t<\/div>\n\t\t\t\t<div class=\"elementor-element elementor-element-463905a elementor-align-center elementor-widget elementor-widget-button\" data-id=\"463905a\" data-element_type=\"widget\" data-e-type=\"widget\" data-widget_type=\"button.default\">\n\t\t\t\t<div class=\"elementor-widget-container\">\n\t\t\t\t\t\t\t\t\t<div class=\"elementor-button-wrapper\">\n\t\t\t\t\t<a class=\"elementor-button elementor-button-link elementor-size-sm\" href=\"https:\/\/lapuerta.net\/en\/#salas\">\n\t\t\t\t\t\t<span class=\"elementor-button-content-wrapper\">\n\t\t\t\t\t\t\t\t\t<span class=\"elementor-button-text\">VER LAS SALAS DE ESCAPE<\/span>\n\t\t\t\t\t<\/span>\n\t\t\t\t\t<\/a>\n\t\t\t\t<\/div>\n\t\t\t\t\t\t\t\t<\/div>\n\t\t\t\t<\/div>\n\t\t\t\t<div class=\"elementor-element elementor-element-5e208ab elementor-widget elementor-widget-spacer\" data-id=\"5e208ab\" data-element_type=\"widget\" data-e-type=\"widget\" data-widget_type=\"spacer.default\">\n\t\t\t\t<div class=\"elementor-widget-container\">\n\t\t\t\t\t\t\t<div class=\"elementor-spacer\">\n\t\t\t<div class=\"elementor-spacer-inner\"><\/div>\n\t\t<\/div>\n\t\t\t\t\t\t<\/div>\n\t\t\t\t<\/div>\n\t\t\t\t\t<\/div>\n\t\t<\/div>\n\t\t\t\t\t<\/div>\n\t\t<\/section>\n\t\t\t\t<\/div>","protected":false},"excerpt":{"rendered":"<p>la llave \u00a1Ah\u00ed est\u00e1! Encontraron la llave de salida de la Mansi\u00f3n en el caj\u00f3n de la mesa de noche&#8230; ahora es momento de correr a la puerta y escapar antes de que queden encerrados por siempre&#8230; Fue una noche diferente&#8230; que pudo salir peor de lo que sali\u00f3&#8230; \u00bfesconder\u00e1 la Mansi\u00f3n de los Susurros [&hellip;]<\/p>\n","protected":false},"author":1,"featured_media":0,"parent":0,"menu_order":0,"comment_status":"closed","ping_status":"closed","template":"elementor_header_footer","meta":{"_acf_changed":false,"om_disable_all_campaigns":false,"_monsterinsights_skip_tracking":false,"_monsterinsights_sitenote_active":false,"_monsterinsights_sitenote_note":"","_monsterinsights_sitenote_category":0,"site-sidebar-layout":"no-sidebar","site-content-layout":"page-builder","ast-site-content-layout":"default","site-content-style":"default","site-sidebar-style":"default","ast-global-header-display":"","ast-banner-title-visibility":"","ast-main-header-display":"","ast-hfb-above-header-display":"","ast-hfb-below-header-display":"","ast-hfb-mobile-header-display":"","site-post-title":"disabled","ast-breadcrumbs-content":"","ast-featured-img":"disabled","footer-sml-layout":"","theme-transparent-header-meta":"","adv-header-id-meta":"","stick-header-meta":"","header-above-stick-meta":"","header-main-stick-meta":"","header-below-stick-meta":"","astra-migrate-meta-layouts":"set","ast-page-background-enabled":"default","ast-page-background-meta":{"desktop":{"background-color":"","background-image":"","background-repeat":"repeat","background-position":"center center","background-size":"auto","background-attachment":"scroll","background-type":"","background-media":"","overlay-type":"","overlay-color":"","overlay-opacity":"","overlay-gradient":""},"tablet":{"background-color":"","background-image":"","background-repeat":"repeat","background-position":"center center","background-size":"auto","background-attachment":"scroll","background-type":"","background-media":"","overlay-type":"","overlay-color":"","overlay-opacity":"","overlay-gradient":""},"mobile":{"background-color":"","background-image":"","background-repeat":"repeat","background-position":"center center","background-size":"auto","background-attachment":"scroll","background-type":"","background-media":"","overlay-type":"","overlay-color":"","overlay-opacity":"","overlay-gradient":""}},"ast-content-background-meta":{"desktop":{"background-color":"var(--ast-global-color-5)","background-image":"","background-repeat":"repeat","background-position":"center center","background-size":"auto","background-attachment":"scroll","background-type":"","background-media":"","overlay-type":"","overlay-color":"","overlay-opacity":"","overlay-gradient":""},"tablet":{"background-color":"var(--ast-global-color-5)","background-image":"","background-repeat":"repeat","background-position":"center center","background-size":"auto","background-attachment":"scroll","background-type":"","background-media":"","overlay-type":"","overlay-color":"","overlay-opacity":"","overlay-gradient":""},"mobile":{"background-color":"var(--ast-global-color-5)","background-image":"","background-repeat":"repeat","background-position":"center center","background-size":"auto","background-attachment":"scroll","background-type":"","background-media":"","overlay-type":"","overlay-color":"","overlay-opacity":"","overlay-gradient":""}},"footnotes":""},"class_list":["post-2440","page","type-page","status-publish","hentry"],"acf":[],"aioseo_notices":[],"_links":{"self":[{"href":"https:\/\/lapuerta.net\/en\/wp-json\/wp\/v2\/pages\/2440"}],"collection":[{"href":"https:\/\/lapuerta.net\/en\/wp-json\/wp\/v2\/pages"}],"about":[{"href":"https:\/\/lapuerta.net\/en\/wp-json\/wp\/v2\/types\/page"}],"author":[{"embeddable":true,"href":"https:\/\/lapuerta.net\/en\/wp-json\/wp\/v2\/users\/1"}],"replies":[{"embeddable":true,"href":"https:\/\/lapuerta.net\/en\/wp-json\/wp\/v2\/comments?post=2440"}],"version-history":[{"count":29,"href":"https:\/\/lapuerta.net\/en\/wp-json\/wp\/v2\/pages\/2440\/revisions"}],"predecessor-version":[{"id":5332,"href":"https:\/\/lapuerta.net\/en\/wp-json\/wp\/v2\/pages\/2440\/revisions\/5332"}],"wp:attachment":[{"href":"https:\/\/lapuerta.net\/en\/wp-json\/wp\/v2\/media?parent=2440"}],"curies":[{"name":"wp","href":"https:\/\/api.w.org\/{rel}","templated":true}]}}