{"id":4087,"date":"2024-06-22T21:22:35","date_gmt":"2024-06-22T21:22:35","guid":{"rendered":"https:\/\/lapuerta.net\/?page_id=4087"},"modified":"2026-04-27T13:51:04","modified_gmt":"2026-04-27T13:51:04","slug":"tip2-8532567","status":"publish","type":"page","link":"https:\/\/lapuerta.net\/en\/tip2-8532567\/","title":{"rendered":"TI &#8211; P2"},"content":{"rendered":"<div data-elementor-type=\"wp-page\" data-elementor-id=\"4087\" class=\"elementor elementor-4087\">\n\t\t\t\t\t\t<section class=\"elementor-section elementor-top-section elementor-element elementor-element-03448ce elementor-section-height-min-height elementor-section-content-middle elementor-section-full_width elementor-section-height-default elementor-section-items-middle\" data-id=\"03448ce\" data-element_type=\"section\" data-e-type=\"section\" data-settings=\"{&quot;background_background&quot;:&quot;classic&quot;}\">\n\t\t\t\t\t\t\t<div class=\"elementor-background-overlay\"><\/div>\n\t\t\t\t\t\t\t<div class=\"elementor-container elementor-column-gap-no\">\n\t\t\t\t\t<div class=\"elementor-column elementor-col-100 elementor-top-column elementor-element elementor-element-744aa52\" data-id=\"744aa52\" data-element_type=\"column\" data-e-type=\"column\">\n\t\t\t<div class=\"elementor-widget-wrap elementor-element-populated\">\n\t\t\t\t\t\t<div class=\"elementor-element elementor-element-a70773c elementor-widget elementor-widget-image\" data-id=\"a70773c\" data-element_type=\"widget\" data-e-type=\"widget\" data-widget_type=\"image.default\">\n\t\t\t\t<div class=\"elementor-widget-container\">\n\t\t\t\t\t\t\t\t\t\t\t\t\t\t\t<img fetchpriority=\"high\" decoding=\"async\" width=\"1200\" height=\"1200\" src=\"https:\/\/lapuerta.net\/wp-content\/uploads\/2024\/06\/Logo-maker-project.png\" class=\"attachment-full size-full wp-image-4046\" alt=\"\" srcset=\"https:\/\/lapuerta.net\/wp-content\/uploads\/2024\/06\/Logo-maker-project.png 1200w, https:\/\/lapuerta.net\/wp-content\/uploads\/2024\/06\/Logo-maker-project-300x300.png 300w, https:\/\/lapuerta.net\/wp-content\/uploads\/2024\/06\/Logo-maker-project-1024x1024.png 1024w, https:\/\/lapuerta.net\/wp-content\/uploads\/2024\/06\/Logo-maker-project-150x150.png 150w, https:\/\/lapuerta.net\/wp-content\/uploads\/2024\/06\/Logo-maker-project-768x768.png 768w, https:\/\/lapuerta.net\/wp-content\/uploads\/2024\/06\/Logo-maker-project-12x12.png 12w, https:\/\/lapuerta.net\/wp-content\/uploads\/2024\/06\/Logo-maker-project-700x700.png 700w\" sizes=\"(max-width: 1200px) 100vw, 1200px\" \/>\t\t\t\t\t\t\t\t\t\t\t\t\t\t\t<\/div>\n\t\t\t\t<\/div>\n\t\t\t\t<div class=\"elementor-element elementor-element-eb5d19b elementor-widget elementor-widget-spacer\" data-id=\"eb5d19b\" data-element_type=\"widget\" data-e-type=\"widget\" data-widget_type=\"spacer.default\">\n\t\t\t\t<div class=\"elementor-widget-container\">\n\t\t\t\t\t\t\t<div class=\"elementor-spacer\">\n\t\t\t<div class=\"elementor-spacer-inner\"><\/div>\n\t\t<\/div>\n\t\t\t\t\t\t<\/div>\n\t\t\t\t<\/div>\n\t\t\t\t<div class=\"elementor-element elementor-element-b05d901 elementor-widget elementor-widget-text-editor\" data-id=\"b05d901\" data-element_type=\"widget\" data-e-type=\"widget\" data-widget_type=\"text-editor.default\">\n\t\t\t\t<div class=\"elementor-widget-container\">\n\t\t\t\t\t\t\t\t\t<p><strong>Bienvenidos a la Segunda Prueba: Conoce los Elementos Clave<\/strong><\/p><p>\u00a1Felicidades por avanzar a la siguiente etapa! Ahora revisaremos los materiales que utilizar\u00e1s en nuestra F\u00f3rmula de la Juventud Eterna. En esta prueba, deber\u00e1s identificar correctamente elementos clave de nuestro laboratorio, que son vitales para el \u00e9xito del tratamiento. No subestimes la importancia de cada uno, ya que conocer sus <b>propiedades <\/b>y usos es crucial para garantizar la efectividad de la f\u00f3rmula.<\/p>\t\t\t\t\t\t\t\t<\/div>\n\t\t\t\t<\/div>\n\t\t\t\t<div class=\"elementor-element elementor-element-5ac3713 elementor-widget elementor-widget-image\" data-id=\"5ac3713\" data-element_type=\"widget\" data-e-type=\"widget\" data-widget_type=\"image.default\">\n\t\t\t\t<div class=\"elementor-widget-container\">\n\t\t\t\t\t\t\t\t\t\t\t\t\t\t\t<img decoding=\"async\" data-src=\"https:\/\/lapuerta.net\/wp-content\/uploads\/elementor\/thumbs\/HOJA-X-MATERIAL-QUIMICA-scaled-qr5mbk5t8wjichqhbf46add2tbx86pz8csn30eonfa.jpg\" title=\"HOJA X &#8211; MATERIAL QUIMICA\" alt=\"HOJA X - MATERIAL QUIMICA\" src=\"data:image\/svg+xml;base64,PHN2ZyB3aWR0aD0iMSIgaGVpZ2h0PSIxIiB4bWxucz0iaHR0cDovL3d3dy53My5vcmcvMjAwMC9zdmciPjwvc3ZnPg==\" class=\"lazyload\" style=\"--smush-placeholder-width: 700px; --smush-placeholder-aspect-ratio: 700\/911;\" \/>\t\t\t\t\t\t\t\t\t\t\t\t\t\t\t<\/div>\n\t\t\t\t<\/div>\n\t\t\t\t<div class=\"elementor-element elementor-element-213c6ea elementor-widget elementor-widget-text-editor\" data-id=\"213c6ea\" data-element_type=\"widget\" data-e-type=\"widget\" data-widget_type=\"text-editor.default\">\n\t\t\t\t<div class=\"elementor-widget-container\">\n\t\t\t\t\t\t\t\t\t<p>Manipular\u00e1s un matraz Erlenmeyer, indispensable para mezclar soluciones sin riesgo de derrames. Junto a \u00e9l, usaremos un mechero Bunsen, utilizado para calentar sustancias a temperaturas precisas. En este paso no necesitar\u00e1s una Probeta, esencial para medir vol\u00famenes exactos de l\u00edquidos, esta deber\u00e1s descartarla. Cada herramienta tiene un prop\u00f3sito espec\u00edfico y, para avanzar, debes demostrar que comprendes estos roles.<\/p><p>Para la elaboraci\u00f3n utilizaremos tambi\u00e9n un embudo de decantaci\u00f3n, fundamental para separar l\u00edquidos inmiscibles. El mortero no ser\u00e1 utilizado, pero tiene como fin triturar y mezclar s\u00f3lidos. Ocuparemos una bureta, necesaria para a\u00f1adir vol\u00famenes precisos de reactivos, y una placa Petri, que se emplea para el cultivo de microorganismos.\u00a0<\/p><p>Utilizar\u00e1s una Pipeta para colocar los insumos necesarios en la mezcla y un Soporte para sostener toda la f\u00f3rmula hasta que sea aplicada en el sujeto.<\/p><p>\u00a0<\/p><p>\u00bfEst\u00e1s listo para demostrar que conoces estos elementos y sus funciones? Tu camino hacia la Juventud Eterna depende de ello.<\/p>\t\t\t\t\t\t\t\t<\/div>\n\t\t\t\t<\/div>\n\t\t\t\t<div class=\"elementor-element elementor-element-48539ae elementor-widget elementor-widget-html\" data-id=\"48539ae\" data-element_type=\"widget\" data-e-type=\"widget\" data-widget_type=\"html.default\">\n\t\t\t\t<div class=\"elementor-widget-container\">\n\t\t\t\t\t<div class=\"container\">\r\n    <input type=\"text\" autocomplete=\"off\" id=\"textInput\" placeholder=\"Ingresa los resultados\"><br>\r\n    <button class=\"buttonsis\" id=\"submitButton\" disabled>Avanzar al siguiente paso<\/button>\r\n<\/div>\r\n\r\n<script>\r\ndocument.addEventListener('DOMContentLoaded', function() {\r\n    const correctText = '02410465';\r\n    const textInput = document.getElementById('textInput');\r\n    const submitButton = document.getElementById('submitButton');\r\n\r\n    textInput.addEventListener('input', function() {\r\n        if (textInput.value === correctText) {\r\n            submitButton.disabled = false;\r\n            submitButton.classList.add('enabled');\r\n        } else {\r\n            submitButton.disabled = true;\r\n            submitButton.classList.remove('enabled');\r\n        }\r\n    });\r\n\r\n    submitButton.addEventListener('click', function() {\r\n        if (!submitButton.disabled) {\r\n            window.location.href = 'https:\/\/lapuerta.net\/tip1-895624\/';\r\n        }\r\n    });\r\n});\r\n\r\ndocument.addEventListener('contextmenu', function(event) {\r\n    event.preventDefault();\r\n});\r\n<\/script>\r\n\r\n\t\t\t\t<\/div>\n\t\t\t\t<\/div>\n\t\t\t\t<div class=\"elementor-element elementor-element-860c439 elementor-widget elementor-widget-spacer\" data-id=\"860c439\" data-element_type=\"widget\" data-e-type=\"widget\" data-widget_type=\"spacer.default\">\n\t\t\t\t<div class=\"elementor-widget-container\">\n\t\t\t\t\t\t\t<div class=\"elementor-spacer\">\n\t\t\t<div class=\"elementor-spacer-inner\"><\/div>\n\t\t<\/div>\n\t\t\t\t\t\t<\/div>\n\t\t\t\t<\/div>\n\t\t\t\t<div class=\"elementor-element elementor-element-f9f0bc2 elementor-widget elementor-widget-heading\" data-id=\"f9f0bc2\" data-element_type=\"widget\" data-e-type=\"widget\" data-widget_type=\"heading.default\">\n\t\t\t\t<div class=\"elementor-widget-container\">\n\t\t\t\t\t<h3 class=\"elementor-heading-title elementor-size-default\">Juego desarrollado por:<\/h3>\t\t\t\t<\/div>\n\t\t\t\t<\/div>\n\t\t\t\t<div class=\"elementor-element elementor-element-d89de4b elementor-widget elementor-widget-image\" data-id=\"d89de4b\" data-element_type=\"widget\" data-e-type=\"widget\" data-widget_type=\"image.default\">\n\t\t\t\t<div class=\"elementor-widget-container\">\n\t\t\t\t\t\t\t\t\t\t\t\t\t\t\t<img decoding=\"async\" width=\"250\" height=\"70\" data-src=\"https:\/\/lapuerta.net\/wp-content\/uploads\/2023\/06\/LOGO-WEB-SMALL-B.png\" class=\"attachment-large size-large wp-image-1703 lazyload\" alt=\"\" data-srcset=\"https:\/\/lapuerta.net\/wp-content\/uploads\/2023\/06\/LOGO-WEB-SMALL-B.png 250w, https:\/\/lapuerta.net\/wp-content\/uploads\/2023\/06\/LOGO-WEB-SMALL-B-18x5.png 18w\" data-sizes=\"(max-width: 250px) 100vw, 250px\" src=\"data:image\/svg+xml;base64,PHN2ZyB3aWR0aD0iMSIgaGVpZ2h0PSIxIiB4bWxucz0iaHR0cDovL3d3dy53My5vcmcvMjAwMC9zdmciPjwvc3ZnPg==\" style=\"--smush-placeholder-width: 250px; --smush-placeholder-aspect-ratio: 250\/70;\" \/>\t\t\t\t\t\t\t\t\t\t\t\t\t\t\t<\/div>\n\t\t\t\t<\/div>\n\t\t\t\t<div class=\"elementor-element elementor-element-6a25575 elementor-widget elementor-widget-spacer\" data-id=\"6a25575\" data-element_type=\"widget\" data-e-type=\"widget\" data-widget_type=\"spacer.default\">\n\t\t\t\t<div class=\"elementor-widget-container\">\n\t\t\t\t\t\t\t<div class=\"elementor-spacer\">\n\t\t\t<div class=\"elementor-spacer-inner\"><\/div>\n\t\t<\/div>\n\t\t\t\t\t\t<\/div>\n\t\t\t\t<\/div>\n\t\t\t\t\t<\/div>\n\t\t<\/div>\n\t\t\t\t\t<\/div>\n\t\t<\/section>\n\t\t\t\t<\/div>","protected":false},"excerpt":{"rendered":"<p>Bienvenidos a la Segunda Prueba: Conoce los Elementos Clave \u00a1Felicidades por avanzar a la siguiente etapa! Ahora revisaremos los materiales que utilizar\u00e1s en nuestra F\u00f3rmula de la Juventud Eterna. En esta prueba, deber\u00e1s identificar correctamente elementos clave de nuestro laboratorio, que son vitales para el \u00e9xito del tratamiento. No subestimes la importancia de cada uno, [&hellip;]<\/p>\n","protected":false},"author":1,"featured_media":0,"parent":0,"menu_order":0,"comment_status":"closed","ping_status":"closed","template":"","meta":{"_acf_changed":false,"om_disable_all_campaigns":false,"_monsterinsights_skip_tracking":false,"_monsterinsights_sitenote_active":false,"_monsterinsights_sitenote_note":"","_monsterinsights_sitenote_category":0,"site-sidebar-layout":"no-sidebar","site-content-layout":"page-builder","ast-site-content-layout":"","site-content-style":"default","site-sidebar-style":"default","ast-global-header-display":"","ast-banner-title-visibility":"","ast-main-header-display":"","ast-hfb-above-header-display":"","ast-hfb-below-header-display":"","ast-hfb-mobile-header-display":"","site-post-title":"disabled","ast-breadcrumbs-content":"","ast-featured-img":"disabled","footer-sml-layout":"","theme-transparent-header-meta":"","adv-header-id-meta":"","stick-header-meta":"","header-above-stick-meta":"","header-main-stick-meta":"","header-below-stick-meta":"","astra-migrate-meta-layouts":"default","ast-page-background-enabled":"default","ast-page-background-meta":{"desktop":{"background-color":"","background-image":"","background-repeat":"repeat","background-position":"center center","background-size":"auto","background-attachment":"scroll","background-type":"","background-media":"","overlay-type":"","overlay-color":"","overlay-opacity":"","overlay-gradient":""},"tablet":{"background-color":"","background-image":"","background-repeat":"repeat","background-position":"center center","background-size":"auto","background-attachment":"scroll","background-type":"","background-media":"","overlay-type":"","overlay-color":"","overlay-opacity":"","overlay-gradient":""},"mobile":{"background-color":"","background-image":"","background-repeat":"repeat","background-position":"center center","background-size":"auto","background-attachment":"scroll","background-type":"","background-media":"","overlay-type":"","overlay-color":"","overlay-opacity":"","overlay-gradient":""}},"ast-content-background-meta":{"desktop":{"background-color":"var(--ast-global-color-5)","background-image":"","background-repeat":"repeat","background-position":"center center","background-size":"auto","background-attachment":"scroll","background-type":"","background-media":"","overlay-type":"","overlay-color":"","overlay-opacity":"","overlay-gradient":""},"tablet":{"background-color":"var(--ast-global-color-5)","background-image":"","background-repeat":"repeat","background-position":"center center","background-size":"auto","background-attachment":"scroll","background-type":"","background-media":"","overlay-type":"","overlay-color":"","overlay-opacity":"","overlay-gradient":""},"mobile":{"background-color":"var(--ast-global-color-5)","background-image":"","background-repeat":"repeat","background-position":"center center","background-size":"auto","background-attachment":"scroll","background-type":"","background-media":"","overlay-type":"","overlay-color":"","overlay-opacity":"","overlay-gradient":""}},"footnotes":""},"class_list":["post-4087","page","type-page","status-publish","hentry"],"acf":[],"aioseo_notices":[],"_links":{"self":[{"href":"https:\/\/lapuerta.net\/en\/wp-json\/wp\/v2\/pages\/4087"}],"collection":[{"href":"https:\/\/lapuerta.net\/en\/wp-json\/wp\/v2\/pages"}],"about":[{"href":"https:\/\/lapuerta.net\/en\/wp-json\/wp\/v2\/types\/page"}],"author":[{"embeddable":true,"href":"https:\/\/lapuerta.net\/en\/wp-json\/wp\/v2\/users\/1"}],"replies":[{"embeddable":true,"href":"https:\/\/lapuerta.net\/en\/wp-json\/wp\/v2\/comments?post=4087"}],"version-history":[{"count":37,"href":"https:\/\/lapuerta.net\/en\/wp-json\/wp\/v2\/pages\/4087\/revisions"}],"predecessor-version":[{"id":4263,"href":"https:\/\/lapuerta.net\/en\/wp-json\/wp\/v2\/pages\/4087\/revisions\/4263"}],"wp:attachment":[{"href":"https:\/\/lapuerta.net\/en\/wp-json\/wp\/v2\/media?parent=4087"}],"curies":[{"name":"wp","href":"https:\/\/api.w.org\/{rel}","templated":true}]}}