{"id":4095,"date":"2024-06-22T21:35:32","date_gmt":"2024-06-22T21:35:32","guid":{"rendered":"https:\/\/lapuerta.net\/?page_id=4095"},"modified":"2026-04-27T13:51:04","modified_gmt":"2026-04-27T13:51:04","slug":"tip3-8957462","status":"publish","type":"page","link":"https:\/\/lapuerta.net\/en\/tip3-8957462\/","title":{"rendered":"TI &#8211; P1"},"content":{"rendered":"<div data-elementor-type=\"wp-page\" data-elementor-id=\"4095\" class=\"elementor elementor-4095\">\n\t\t\t\t\t\t<section class=\"elementor-section elementor-top-section elementor-element elementor-element-03448ce elementor-section-height-min-height elementor-section-content-middle elementor-section-full_width elementor-section-height-default elementor-section-items-middle\" data-id=\"03448ce\" data-element_type=\"section\" data-e-type=\"section\" data-settings=\"{&quot;background_background&quot;:&quot;classic&quot;}\">\n\t\t\t\t\t\t\t<div class=\"elementor-background-overlay\"><\/div>\n\t\t\t\t\t\t\t<div class=\"elementor-container elementor-column-gap-no\">\n\t\t\t\t\t<div class=\"elementor-column elementor-col-100 elementor-top-column elementor-element elementor-element-744aa52\" data-id=\"744aa52\" data-element_type=\"column\" data-e-type=\"column\">\n\t\t\t<div class=\"elementor-widget-wrap elementor-element-populated\">\n\t\t\t\t\t\t<div class=\"elementor-element elementor-element-a70773c elementor-widget elementor-widget-image\" data-id=\"a70773c\" data-element_type=\"widget\" data-e-type=\"widget\" data-widget_type=\"image.default\">\n\t\t\t\t<div class=\"elementor-widget-container\">\n\t\t\t\t\t\t\t\t\t\t\t\t\t\t\t<img fetchpriority=\"high\" decoding=\"async\" width=\"1200\" height=\"1200\" src=\"https:\/\/lapuerta.net\/wp-content\/uploads\/2024\/06\/Logo-maker-project.png\" class=\"attachment-full size-full wp-image-4046\" alt=\"\" srcset=\"https:\/\/lapuerta.net\/wp-content\/uploads\/2024\/06\/Logo-maker-project.png 1200w, https:\/\/lapuerta.net\/wp-content\/uploads\/2024\/06\/Logo-maker-project-300x300.png 300w, https:\/\/lapuerta.net\/wp-content\/uploads\/2024\/06\/Logo-maker-project-1024x1024.png 1024w, https:\/\/lapuerta.net\/wp-content\/uploads\/2024\/06\/Logo-maker-project-150x150.png 150w, https:\/\/lapuerta.net\/wp-content\/uploads\/2024\/06\/Logo-maker-project-768x768.png 768w, https:\/\/lapuerta.net\/wp-content\/uploads\/2024\/06\/Logo-maker-project-12x12.png 12w, https:\/\/lapuerta.net\/wp-content\/uploads\/2024\/06\/Logo-maker-project-700x700.png 700w\" sizes=\"(max-width: 1200px) 100vw, 1200px\" \/>\t\t\t\t\t\t\t\t\t\t\t\t\t\t\t<\/div>\n\t\t\t\t<\/div>\n\t\t\t\t<div class=\"elementor-element elementor-element-eb5d19b elementor-widget elementor-widget-spacer\" data-id=\"eb5d19b\" data-element_type=\"widget\" data-e-type=\"widget\" data-widget_type=\"spacer.default\">\n\t\t\t\t<div class=\"elementor-widget-container\">\n\t\t\t\t\t\t\t<div class=\"elementor-spacer\">\n\t\t\t<div class=\"elementor-spacer-inner\"><\/div>\n\t\t<\/div>\n\t\t\t\t\t\t<\/div>\n\t\t\t\t<\/div>\n\t\t\t\t<div class=\"elementor-element elementor-element-b05d901 elementor-widget elementor-widget-text-editor\" data-id=\"b05d901\" data-element_type=\"widget\" data-e-type=\"widget\" data-widget_type=\"text-editor.default\">\n\t\t\t\t<div class=\"elementor-widget-container\">\n\t\t\t\t\t\t\t\t\t<p><strong>Bienvenidos a la Primera Prueba: Conocimiento de Compuestos B\u00e1sicos<\/strong><\/p>\n<p>En esta etapa, pondremos a prueba tu comprensi\u00f3n sobre algunos compuestos qu\u00edmicos esenciales para la vida y la salud. Deber\u00e1s demostrar tu conocimiento identificando correctamente estos compuestos y comprendiendo sus funciones. Solo aquellos con un entendimiento claro de estos elementos podr\u00e1n avanzar hacia la f\u00f3rmula definitiva de la Juventud Eterna.<\/p>\n<p>Primero, considera la&nbsp;Vitamina C (\u00e1cido asc\u00f3rbico). Este compuesto es fundamental para la reparaci\u00f3n de tejidos y la producci\u00f3n de col\u00e1geno, adem\u00e1s de ser un potente antioxidante. Comprender su importancia es crucial para mantener una piel joven y saludable, un paso esencial hacia la juventud eterna.<\/p>\n<p>A continuaci\u00f3n, pensemos la&nbsp;Cafe\u00edna. Este compuesto estimula el sistema nervioso central, ayudando a mejorar la concentraci\u00f3n y reducir la fatiga. Adem\u00e1s, la cafe\u00edna tiene propiedades antioxidantes que pueden proteger las c\u00e9lulas del da\u00f1o. Conocer los efectos de la cafe\u00edna es vital para optimizar el rendimiento mental y f\u00edsico en el camino hacia la juventud.<\/p>\n<p>Ahora, hablemos del Calcio. Este mineral esencial juega un papel fundamental en la salud \u00f3sea, ayudando a fortalecer y mantener la estructura de los huesos y los dientes. Adem\u00e1s, el calcio desempe\u00f1a un papel crucial en la contracci\u00f3n muscular, la transmisi\u00f3n nerviosa y la coagulaci\u00f3n sangu\u00ednea. Conocer la importancia del calcio es fundamental para mantener una buena salud \u00f3sea y funcionalidad corporal a lo largo de la vida.<\/p>\n<p>Por \u00faltimo, enfoqu\u00e9monos en el alcohol isoprop\u00edlico, ampliamente utilizado como desinfectante y antis\u00e9ptico. Su capacidad para eliminar bacterias y otros pat\u00f3genos es crucial en la higiene y prevenci\u00f3n de enfermedades. Comprender su uso y efectividad es esencial para mantener una buena salud y, por ende, una apariencia juvenil. Estos conocimientos sobre compuestos qu\u00edmicos b\u00e1sicos son la clave para desbloquear los secretos de la Juventud Eterna.<\/p>\t\t\t\t\t\t\t\t<\/div>\n\t\t\t\t<\/div>\n\t\t\t\t<div class=\"elementor-element elementor-element-48539ae elementor-widget elementor-widget-html\" data-id=\"48539ae\" data-element_type=\"widget\" data-e-type=\"widget\" data-widget_type=\"html.default\">\n\t\t\t\t<div class=\"elementor-widget-container\">\n\t\t\t\t\t<div class=\"container\">\r\n    <input type=\"text\" autocomplete=\"off\" id=\"textInput\" placeholder=\"Ingresa los n\u00fameros\"><br>\r\n    <button class=\"buttonsis\" id=\"submitButton\" disabled>Avanzar al siguiente paso<\/button>\r\n<\/div>\r\n\r\n<script>\r\ndocument.addEventListener('DOMContentLoaded', function() {\r\n    const correctText = '4783';\r\n    const textInput = document.getElementById('textInput');\r\n    const submitButton = document.getElementById('submitButton');\r\n\r\n    textInput.addEventListener('input', function() {\r\n        if (textInput.value === correctText) {\r\n            submitButton.disabled = false;\r\n            submitButton.classList.add('enabled');\r\n        } else {\r\n            submitButton.disabled = true;\r\n            submitButton.classList.remove('enabled');\r\n        }\r\n    });\r\n\r\n    submitButton.addEventListener('click', function() {\r\n        if (!submitButton.disabled) {\r\n            window.location.href = 'https:\/\/lapuerta.net\/tip2-8532567\/';\r\n        }\r\n    });\r\n});\r\n\r\ndocument.addEventListener('contextmenu', function(event) {\r\n    event.preventDefault();\r\n});\r\n<\/script>\r\n\r\n\t\t\t\t<\/div>\n\t\t\t\t<\/div>\n\t\t\t\t<div class=\"elementor-element elementor-element-860c439 elementor-widget elementor-widget-spacer\" data-id=\"860c439\" data-element_type=\"widget\" data-e-type=\"widget\" data-widget_type=\"spacer.default\">\n\t\t\t\t<div class=\"elementor-widget-container\">\n\t\t\t\t\t\t\t<div class=\"elementor-spacer\">\n\t\t\t<div class=\"elementor-spacer-inner\"><\/div>\n\t\t<\/div>\n\t\t\t\t\t\t<\/div>\n\t\t\t\t<\/div>\n\t\t\t\t<div class=\"elementor-element elementor-element-f9f0bc2 elementor-widget elementor-widget-heading\" data-id=\"f9f0bc2\" data-element_type=\"widget\" data-e-type=\"widget\" data-widget_type=\"heading.default\">\n\t\t\t\t<div class=\"elementor-widget-container\">\n\t\t\t\t\t<h3 class=\"elementor-heading-title elementor-size-default\">Juego desarrollado por:<\/h3>\t\t\t\t<\/div>\n\t\t\t\t<\/div>\n\t\t\t\t<div class=\"elementor-element elementor-element-d89de4b elementor-widget elementor-widget-image\" data-id=\"d89de4b\" data-element_type=\"widget\" data-e-type=\"widget\" data-widget_type=\"image.default\">\n\t\t\t\t<div class=\"elementor-widget-container\">\n\t\t\t\t\t\t\t\t\t\t\t\t\t\t\t<img decoding=\"async\" width=\"250\" height=\"70\" data-src=\"https:\/\/lapuerta.net\/wp-content\/uploads\/2023\/06\/LOGO-WEB-SMALL-B.png\" class=\"attachment-large size-large wp-image-1703 lazyload\" alt=\"\" data-srcset=\"https:\/\/lapuerta.net\/wp-content\/uploads\/2023\/06\/LOGO-WEB-SMALL-B.png 250w, https:\/\/lapuerta.net\/wp-content\/uploads\/2023\/06\/LOGO-WEB-SMALL-B-18x5.png 18w\" data-sizes=\"(max-width: 250px) 100vw, 250px\" src=\"data:image\/svg+xml;base64,PHN2ZyB3aWR0aD0iMSIgaGVpZ2h0PSIxIiB4bWxucz0iaHR0cDovL3d3dy53My5vcmcvMjAwMC9zdmciPjwvc3ZnPg==\" style=\"--smush-placeholder-width: 250px; --smush-placeholder-aspect-ratio: 250\/70;\" \/>\t\t\t\t\t\t\t\t\t\t\t\t\t\t\t<\/div>\n\t\t\t\t<\/div>\n\t\t\t\t<div class=\"elementor-element elementor-element-6a25575 elementor-widget elementor-widget-spacer\" data-id=\"6a25575\" data-element_type=\"widget\" data-e-type=\"widget\" data-widget_type=\"spacer.default\">\n\t\t\t\t<div class=\"elementor-widget-container\">\n\t\t\t\t\t\t\t<div class=\"elementor-spacer\">\n\t\t\t<div class=\"elementor-spacer-inner\"><\/div>\n\t\t<\/div>\n\t\t\t\t\t\t<\/div>\n\t\t\t\t<\/div>\n\t\t\t\t\t<\/div>\n\t\t<\/div>\n\t\t\t\t\t<\/div>\n\t\t<\/section>\n\t\t\t\t<\/div>","protected":false},"excerpt":{"rendered":"<p>Bienvenidos a la Primera Prueba: Conocimiento de Compuestos B\u00e1sicos En esta etapa, pondremos a prueba tu comprensi\u00f3n sobre algunos compuestos qu\u00edmicos esenciales para la vida y la salud. Deber\u00e1s demostrar tu conocimiento identificando correctamente estos compuestos y comprendiendo sus funciones. Solo aquellos con un entendimiento claro de estos elementos podr\u00e1n avanzar hacia la f\u00f3rmula definitiva [&hellip;]<\/p>\n","protected":false},"author":1,"featured_media":0,"parent":0,"menu_order":0,"comment_status":"closed","ping_status":"closed","template":"","meta":{"_acf_changed":false,"om_disable_all_campaigns":false,"_monsterinsights_skip_tracking":false,"_monsterinsights_sitenote_active":false,"_monsterinsights_sitenote_note":"","_monsterinsights_sitenote_category":0,"site-sidebar-layout":"no-sidebar","site-content-layout":"page-builder","ast-site-content-layout":"","site-content-style":"default","site-sidebar-style":"default","ast-global-header-display":"","ast-banner-title-visibility":"","ast-main-header-display":"","ast-hfb-above-header-display":"","ast-hfb-below-header-display":"","ast-hfb-mobile-header-display":"","site-post-title":"disabled","ast-breadcrumbs-content":"","ast-featured-img":"disabled","footer-sml-layout":"","theme-transparent-header-meta":"","adv-header-id-meta":"","stick-header-meta":"","header-above-stick-meta":"","header-main-stick-meta":"","header-below-stick-meta":"","astra-migrate-meta-layouts":"default","ast-page-background-enabled":"default","ast-page-background-meta":{"desktop":{"background-color":"","background-image":"","background-repeat":"repeat","background-position":"center center","background-size":"auto","background-attachment":"scroll","background-type":"","background-media":"","overlay-type":"","overlay-color":"","overlay-opacity":"","overlay-gradient":""},"tablet":{"background-color":"","background-image":"","background-repeat":"repeat","background-position":"center center","background-size":"auto","background-attachment":"scroll","background-type":"","background-media":"","overlay-type":"","overlay-color":"","overlay-opacity":"","overlay-gradient":""},"mobile":{"background-color":"","background-image":"","background-repeat":"repeat","background-position":"center center","background-size":"auto","background-attachment":"scroll","background-type":"","background-media":"","overlay-type":"","overlay-color":"","overlay-opacity":"","overlay-gradient":""}},"ast-content-background-meta":{"desktop":{"background-color":"var(--ast-global-color-5)","background-image":"","background-repeat":"repeat","background-position":"center center","background-size":"auto","background-attachment":"scroll","background-type":"","background-media":"","overlay-type":"","overlay-color":"","overlay-opacity":"","overlay-gradient":""},"tablet":{"background-color":"var(--ast-global-color-5)","background-image":"","background-repeat":"repeat","background-position":"center center","background-size":"auto","background-attachment":"scroll","background-type":"","background-media":"","overlay-type":"","overlay-color":"","overlay-opacity":"","overlay-gradient":""},"mobile":{"background-color":"var(--ast-global-color-5)","background-image":"","background-repeat":"repeat","background-position":"center center","background-size":"auto","background-attachment":"scroll","background-type":"","background-media":"","overlay-type":"","overlay-color":"","overlay-opacity":"","overlay-gradient":""}},"footnotes":""},"class_list":["post-4095","page","type-page","status-publish","hentry"],"acf":[],"aioseo_notices":[],"_links":{"self":[{"href":"https:\/\/lapuerta.net\/en\/wp-json\/wp\/v2\/pages\/4095"}],"collection":[{"href":"https:\/\/lapuerta.net\/en\/wp-json\/wp\/v2\/pages"}],"about":[{"href":"https:\/\/lapuerta.net\/en\/wp-json\/wp\/v2\/types\/page"}],"author":[{"embeddable":true,"href":"https:\/\/lapuerta.net\/en\/wp-json\/wp\/v2\/users\/1"}],"replies":[{"embeddable":true,"href":"https:\/\/lapuerta.net\/en\/wp-json\/wp\/v2\/comments?post=4095"}],"version-history":[{"count":26,"href":"https:\/\/lapuerta.net\/en\/wp-json\/wp\/v2\/pages\/4095\/revisions"}],"predecessor-version":[{"id":4275,"href":"https:\/\/lapuerta.net\/en\/wp-json\/wp\/v2\/pages\/4095\/revisions\/4275"}],"wp:attachment":[{"href":"https:\/\/lapuerta.net\/en\/wp-json\/wp\/v2\/media?parent=4095"}],"curies":[{"name":"wp","href":"https:\/\/api.w.org\/{rel}","templated":true}]}}