{"id":4621,"date":"2025-05-17T14:18:17","date_gmt":"2025-05-17T14:18:17","guid":{"rendered":"https:\/\/lapuerta.net\/?page_id=4621"},"modified":"2025-05-17T14:33:10","modified_gmt":"2025-05-17T14:33:10","slug":"oso","status":"publish","type":"page","link":"https:\/\/lapuerta.net\/en\/oso\/","title":{"rendered":"Oso Pardo &#8211; Zool\u00f3gico de Calveros"},"content":{"rendered":"<div data-elementor-type=\"wp-page\" data-elementor-id=\"4621\" class=\"elementor elementor-4621\">\n\t\t\t\t\t\t<section class=\"elementor-section elementor-top-section elementor-element elementor-element-66c7c9c elementor-section-boxed elementor-section-height-default elementor-section-height-default\" data-id=\"66c7c9c\" data-element_type=\"section\">\n\t\t\t\t\t\t\t<div class=\"elementor-background-overlay\"><\/div>\n\t\t\t\t\t\t\t<div class=\"elementor-container elementor-column-gap-default\">\n\t\t\t\t\t<div class=\"elementor-column elementor-col-100 elementor-top-column elementor-element elementor-element-57092b1\" data-id=\"57092b1\" data-element_type=\"column\">\n\t\t\t<div class=\"elementor-widget-wrap elementor-element-populated\">\n\t\t\t\t\t\t<div class=\"elementor-element elementor-element-132ba41 elementor-widget elementor-widget-text-editor\" data-id=\"132ba41\" data-element_type=\"widget\" data-widget_type=\"text-editor.default\">\n\t\t\t\t<div class=\"elementor-widget-container\">\n\t\t\t\t\t\t\t\t\t<p style=\"text-align: center;\"><strong>NUEVA Exposici\u00f3n de Animales Ex\u00f3ticos &#8211; Del 1 al 31 de Julio<\/strong><\/p>\t\t\t\t\t\t\t\t<\/div>\n\t\t\t\t<\/div>\n\t\t\t\t\t<\/div>\n\t\t<\/div>\n\t\t\t\t\t<\/div>\n\t\t<\/section>\n\t\t\t\t<section class=\"elementor-section elementor-top-section elementor-element elementor-element-03448ce elementor-section-height-min-height elementor-section-content-middle elementor-section-full_width elementor-section-height-default elementor-section-items-middle\" data-id=\"03448ce\" data-element_type=\"section\" data-settings=\"{&quot;background_background&quot;:&quot;classic&quot;}\">\n\t\t\t\t\t\t\t<div class=\"elementor-background-overlay\"><\/div>\n\t\t\t\t\t\t\t<div class=\"elementor-container elementor-column-gap-no\">\n\t\t\t\t\t<div class=\"elementor-column elementor-col-100 elementor-top-column elementor-element elementor-element-744aa52\" data-id=\"744aa52\" data-element_type=\"column\" data-settings=\"{&quot;background_background&quot;:&quot;classic&quot;}\">\n\t\t\t<div class=\"elementor-widget-wrap elementor-element-populated\">\n\t\t\t\t\t\t<section class=\"elementor-section elementor-inner-section elementor-element elementor-element-0e3f292 elementor-section-boxed elementor-section-height-default elementor-section-height-default\" data-id=\"0e3f292\" data-element_type=\"section\">\n\t\t\t\t\t\t<div class=\"elementor-container elementor-column-gap-default\">\n\t\t\t\t\t<div class=\"elementor-column elementor-col-100 elementor-inner-column elementor-element elementor-element-f73d664\" data-id=\"f73d664\" data-element_type=\"column\">\n\t\t\t<div class=\"elementor-widget-wrap elementor-element-populated\">\n\t\t\t\t\t\t<div class=\"elementor-element elementor-element-aed40e1 elementor-widget elementor-widget-spacer\" data-id=\"aed40e1\" data-element_type=\"widget\" data-widget_type=\"spacer.default\">\n\t\t\t\t<div class=\"elementor-widget-container\">\n\t\t\t\t\t\t\t<div class=\"elementor-spacer\">\n\t\t\t<div class=\"elementor-spacer-inner\"><\/div>\n\t\t<\/div>\n\t\t\t\t\t\t<\/div>\n\t\t\t\t<\/div>\n\t\t\t\t\t<\/div>\n\t\t<\/div>\n\t\t\t\t\t<\/div>\n\t\t<\/section>\n\t\t\t\t<section class=\"elementor-section elementor-inner-section elementor-element elementor-element-f12d9d3 elementor-section-boxed elementor-section-height-default elementor-section-height-default\" data-id=\"f12d9d3\" data-element_type=\"section\">\n\t\t\t\t\t\t<div class=\"elementor-container elementor-column-gap-default\">\n\t\t\t\t\t<div class=\"elementor-column elementor-col-100 elementor-inner-column elementor-element elementor-element-bbb2f0e\" data-id=\"bbb2f0e\" data-element_type=\"column\">\n\t\t\t<div class=\"elementor-widget-wrap elementor-element-populated\">\n\t\t\t\t\t\t<div class=\"elementor-element elementor-element-0177801 elementor-widget elementor-widget-heading\" data-id=\"0177801\" data-element_type=\"widget\" data-widget_type=\"heading.default\">\n\t\t\t\t<div class=\"elementor-widget-container\">\n\t\t\t\t\t<h2 class=\"elementor-heading-title elementor-size-default\">OSO PARDO<\/h2>\t\t\t\t<\/div>\n\t\t\t\t<\/div>\n\t\t\t\t<div class=\"elementor-element elementor-element-45ba4a2 elementor-widget elementor-widget-image\" data-id=\"45ba4a2\" data-element_type=\"widget\" data-widget_type=\"image.default\">\n\t\t\t\t<div class=\"elementor-widget-container\">\n\t\t\t\t\t\t\t\t\t\t\t\t\t\t\t<img fetchpriority=\"high\" decoding=\"async\" width=\"700\" height=\"700\" src=\"https:\/\/lapuerta.net\/wp-content\/uploads\/2025\/05\/Oso-pardo-1024x768-1-700x700.jpg\" class=\"attachment-tp-image-grid size-tp-image-grid wp-image-4583\" alt=\"\" srcset=\"https:\/\/lapuerta.net\/wp-content\/uploads\/2025\/05\/Oso-pardo-1024x768-1-700x700.jpg 700w, https:\/\/lapuerta.net\/wp-content\/uploads\/2025\/05\/Oso-pardo-1024x768-1-150x150.jpg 150w\" sizes=\"(max-width: 700px) 100vw, 700px\" \/>\t\t\t\t\t\t\t\t\t\t\t\t\t\t\t<\/div>\n\t\t\t\t<\/div>\n\t\t\t\t<div class=\"elementor-element elementor-element-e11e2f2 elementor-widget elementor-widget-text-editor\" data-id=\"e11e2f2\" data-element_type=\"widget\" data-widget_type=\"text-editor.default\">\n\t\t\t\t<div class=\"elementor-widget-container\">\n\t\t\t\t\t\t\t\t\t<div class=\"elementor-element elementor-element-b8ae028 elementor-widget elementor-widget-heading\" data-id=\"b8ae028\" data-element_type=\"widget\" data-widget_type=\"heading.default\"><div class=\"elementor-widget-container\"><div class=\"elementor-element elementor-element-b8123fa elementor-widget elementor-widget-heading\" data-id=\"b8123fa\" data-element_type=\"widget\" data-widget_type=\"heading.default\"><div class=\"elementor-widget-container\"><div class=\"elementor-element elementor-element-d15b0ac elementor-widget elementor-widget-text-editor\" data-id=\"d15b0ac\" data-element_type=\"widget\" data-widget_type=\"text-editor.default\"><div class=\"elementor-widget-container\"><p style=\"text-align: left;\">El\u00a0<strong>Oso Pardo Ib\u00e9rico<\/strong>\u00a0es el animal terrestre m\u00e1s grande de la fauna ib\u00e9rica y a la vez el m\u00e1s peque\u00f1o de todo el mundo dentro de su especie. Ursus Arctos Pyrenaicus es el nombre cient\u00edfico de esta clase de osos, perteneciente a la familia Ursidae que habita en pr\u00e1cticamente todo el continente europeo.<\/p><p style=\"text-align: left;\">Entre las principales caracter\u00edsticas de este mam\u00edfero se pueden destacar su espeso y tupido pelaje, la enorme cabeza, dos peque\u00f1as orejas en relaci\u00f3n a esta \u00faltima y una cola que no suele superar los 7-8 cm. Los machos son mucho m\u00e1s robustos y pesados que las hembras. La coloraci\u00f3n de su pelaje va desde un crema p\u00e1lido hasta un pardo oscuro que contrasta con el negro de sus ojos.<\/p><p style=\"text-align: left;\">Una de las peculiaridades del\u00a0<strong>oso pardo<\/strong>\u00a0es que es un animal plant\u00edgrado, es decir, apoya todo su peso en las plantas de los pies al igual que los humanos. Sin embargo, esta acci\u00f3n \u00fanicamente la lleva a cabo en dos momentos determinados: en peleas con su misma especie por una hembra, coincidiendo con la \u00e9poca del apareamiento, o cuando se sienten amenazados.<\/p><\/div><\/div><div class=\"elementor-element elementor-element-4c8edb8 elementor-widget elementor-widget-heading\" style=\"text-align: left;\" data-id=\"4c8edb8\" data-element_type=\"widget\" data-widget_type=\"heading.default\"><div class=\"elementor-widget-container\"><h2 class=\"elementor-heading-title elementor-size-default\">\u00bfD\u00f3nde vive el oso pardo?<\/h2><\/div><\/div><div class=\"elementor-element elementor-element-62a2d7c elementor-widget elementor-widget-text-editor\" style=\"text-align: left;\" data-id=\"62a2d7c\" data-element_type=\"widget\" data-widget_type=\"text-editor.default\"><div class=\"elementor-widget-container\"><p>El h\u00e1bitat del oso pardo ib\u00e9rico ha de ser rico en frutos salvajes de todo tipo, destacando las bellotas y las casta\u00f1as. Pero igual de importante es tengan ante s\u00ed grandes extensiones de terreno con el fin de que puedan moverse sin preocupaciones y cuenten con refugios totalmente seguros para encuevarse durante la temporada invernal. En definitiva, prefieren las zonas tranquilas en las que la presencia del ser humana se reduzca a la m\u00ednima expresi\u00f3n.<\/p><p>Tenemos ante nosotros a una especie que se inclina por los terrenos situadas a m\u00e1s de 1.000 m de altitud. Aunque en la antig\u00fcedad se trataba de una especie distribuida por gran parte de la meseta, ahora mismo solo se puede observar al oso pardo en dos zonas de la Pen\u00ednsula Ib\u00e9rica: Pirineos y Cordillera Cant\u00e1brica. \u00bfQu\u00e9 tienen en com\u00fan ambas? Sus gigantescos bosques caducifolios.<\/p><\/div><\/div><div class=\"elementor-element elementor-element-eee9205 elementor-widget elementor-widget-heading\" style=\"text-align: left;\" data-id=\"eee9205\" data-element_type=\"widget\" data-widget_type=\"heading.default\"><div class=\"elementor-widget-container\"><h2 class=\"elementor-heading-title elementor-size-default\">\u00bfQu\u00e9 come el oso pardo ib\u00e9rico?<\/h2><\/div><\/div><div class=\"elementor-element elementor-element-2785079 elementor-widget elementor-widget-text-editor\" style=\"text-align: left;\" data-id=\"2785079\" data-element_type=\"widget\" data-widget_type=\"text-editor.default\"><div class=\"elementor-widget-container\"><p>Su dieta se construye principalmente a base de frutas o vegetales, muy diferente a la de otras especies como el\u00a0oso polar. Estamos ante un animal omn\u00edvoro que solo se decanta por la carne de carro\u00f1a cuando no encuentra otros alimentos a su alrededor. Por lo tanto, el oso pardo \u201cenga\u00f1a\u201d a todos en este sentido al presentar unas garras m\u00e1s propias de una especie carn\u00edvora que vegetariana. De hecho, su dentici\u00f3n se ha adaptado a los alimentos que constituyen el eje central de su alimentaci\u00f3n: frutos, tallos, ra\u00edces y plantas.<\/p><\/div><\/div><div class=\"elementor-element elementor-element-a0e79fd elementor-widget elementor-widget-heading\" style=\"text-align: left;\" data-id=\"a0e79fd\" data-element_type=\"widget\" data-widget_type=\"heading.default\"><div class=\"elementor-widget-container\"><h2 class=\"elementor-heading-title elementor-size-default\">Algunas curiosidades<\/h2><\/div><\/div><div class=\"elementor-element elementor-element-810a5b8 elementor-widget elementor-widget-text-editor\" data-id=\"810a5b8\" data-element_type=\"widget\" data-widget_type=\"text-editor.default\"><div class=\"elementor-widget-container\"><p style=\"text-align: left;\">El oso pardo es muy dif\u00edcil de ver ya que vive en libertad en diferentes zonas del cant\u00e1brico e hibernan de enero a marzo, aunque esto depende de la dureza del invierno y la disponibilidad de comida. As\u00ed, con las primeras nevadas, cabe esperar que los osos pardos se encueven en sus oseras.<\/p><p style=\"text-align: left;\">Es muy caracter\u00edstico que los osos pardos cant\u00e1bricos salgan de su torpor (una hibernaci\u00f3n ligera) con tanta hambre que incluso proceden a voltear las piedras para buscar alimento. Se trata, sin duda, de un comportamiento mucho m\u00e1s propio del verano. Adem\u00e1s, el letargo var\u00eda en funci\u00f3n de c\u00f3mo haya sido la alimentaci\u00f3n, especialmente en cuanto a la cantidad de bellotas y casta\u00f1as.<\/p><p style=\"text-align: left;\">Para saber si tenemos a un oso pardo ib\u00e9rico cerca de nosotros conviene mirar al suelo y m\u00e1s concretamente ser capaz de identificar sus huellas anchas y grandes. En ellas se aprecian las u\u00f1as y dedos de este mam\u00edfero, pero tambi\u00e9n sus manos y la planta de los pies.<\/p><\/div><\/div><\/div><\/div><\/div><\/div>\t\t\t\t\t\t\t\t<\/div>\n\t\t\t\t<\/div>\n\t\t\t\t\t<\/div>\n\t\t<\/div>\n\t\t\t\t\t<\/div>\n\t\t<\/section>\n\t\t\t\t<section class=\"elementor-section elementor-inner-section elementor-element elementor-element-6289ea9 elementor-section-boxed elementor-section-height-default elementor-section-height-default\" data-id=\"6289ea9\" data-element_type=\"section\">\n\t\t\t\t\t\t<div class=\"elementor-container elementor-column-gap-default\">\n\t\t\t\t\t<div class=\"elementor-column elementor-col-100 elementor-inner-column elementor-element elementor-element-6fc557a\" data-id=\"6fc557a\" data-element_type=\"column\">\n\t\t\t<div class=\"elementor-widget-wrap elementor-element-populated\">\n\t\t\t\t\t\t<div class=\"elementor-element elementor-element-11fb57e elementor-widget elementor-widget-text-editor\" data-id=\"11fb57e\" data-element_type=\"widget\" data-widget_type=\"text-editor.default\">\n\t\t\t\t<div class=\"elementor-widget-container\">\n\t\t\t\t\t\t\t\t\t<div class=\"elementor-element elementor-element-62fdedc elementor-widget elementor-widget-text-editor\" data-id=\"62fdedc\" data-element_type=\"widget\" data-widget_type=\"text-editor.default\"><div class=\"elementor-widget-container\"><p><b>Copyright, La Puerta &#8211; Escape Rooms, 2025<\/b><\/p><\/div><\/div>\t\t\t\t\t\t\t\t<\/div>\n\t\t\t\t<\/div>\n\t\t\t\t\t<\/div>\n\t\t<\/div>\n\t\t\t\t\t<\/div>\n\t\t<\/section>\n\t\t\t\t\t<\/div>\n\t\t<\/div>\n\t\t\t\t\t<\/div>\n\t\t<\/section>\n\t\t\t\t<\/div>","protected":false},"excerpt":{"rendered":"<p>NUEVA Exposici\u00f3n de Animales Ex\u00f3ticos &#8211; Del 1 al 31 de Julio OSO PARDO El\u00a0Oso Pardo Ib\u00e9rico\u00a0es el animal terrestre m\u00e1s grande de la fauna ib\u00e9rica y a la vez el m\u00e1s peque\u00f1o de todo el mundo dentro de su especie. Ursus Arctos Pyrenaicus es el nombre cient\u00edfico de esta clase de osos, perteneciente a [&hellip;]<\/p>","protected":false},"author":1,"featured_media":0,"parent":0,"menu_order":0,"comment_status":"closed","ping_status":"closed","template":"","meta":{"_acf_changed":false,"om_disable_all_campaigns":false,"_monsterinsights_skip_tracking":false,"_monsterinsights_sitenote_active":false,"_monsterinsights_sitenote_note":"","_monsterinsights_sitenote_category":0,"site-sidebar-layout":"no-sidebar","site-content-layout":"page-builder","ast-site-content-layout":"full-width-container","site-content-style":"unboxed","site-sidebar-style":"unboxed","ast-global-header-display":"","ast-banner-title-visibility":"","ast-main-header-display":"","ast-hfb-above-header-display":"","ast-hfb-below-header-display":"","ast-hfb-mobile-header-display":"","site-post-title":"disabled","ast-breadcrumbs-content":"","ast-featured-img":"disabled","footer-sml-layout":"","theme-transparent-header-meta":"","adv-header-id-meta":"","stick-header-meta":"","header-above-stick-meta":"","header-main-stick-meta":"","header-below-stick-meta":"","astra-migrate-meta-layouts":"set","ast-page-background-enabled":"default","ast-page-background-meta":{"desktop":{"background-color":"","background-image":"","background-repeat":"repeat","background-position":"center center","background-size":"auto","background-attachment":"scroll","background-type":"","background-media":"","overlay-type":"","overlay-color":"","overlay-opacity":"","overlay-gradient":""},"tablet":{"background-color":"","background-image":"","background-repeat":"repeat","background-position":"center center","background-size":"auto","background-attachment":"scroll","background-type":"","background-media":"","overlay-type":"","overlay-color":"","overlay-opacity":"","overlay-gradient":""},"mobile":{"background-color":"","background-image":"","background-repeat":"repeat","background-position":"center center","background-size":"auto","background-attachment":"scroll","background-type":"","background-media":"","overlay-type":"","overlay-color":"","overlay-opacity":"","overlay-gradient":""}},"ast-content-background-meta":{"desktop":{"background-color":"var(--ast-global-color-5)","background-image":"","background-repeat":"repeat","background-position":"center center","background-size":"auto","background-attachment":"scroll","background-type":"","background-media":"","overlay-type":"","overlay-color":"","overlay-opacity":"","overlay-gradient":""},"tablet":{"background-color":"var(--ast-global-color-5)","background-image":"","background-repeat":"repeat","background-position":"center center","background-size":"auto","background-attachment":"scroll","background-type":"","background-media":"","overlay-type":"","overlay-color":"","overlay-opacity":"","overlay-gradient":""},"mobile":{"background-color":"var(--ast-global-color-5)","background-image":"","background-repeat":"repeat","background-position":"center center","background-size":"auto","background-attachment":"scroll","background-type":"","background-media":"","overlay-type":"","overlay-color":"","overlay-opacity":"","overlay-gradient":""}},"footnotes":""},"class_list":["post-4621","page","type-page","status-publish","hentry"],"acf":[],"aioseo_notices":[],"_links":{"self":[{"href":"https:\/\/lapuerta.net\/en\/wp-json\/wp\/v2\/pages\/4621"}],"collection":[{"href":"https:\/\/lapuerta.net\/en\/wp-json\/wp\/v2\/pages"}],"about":[{"href":"https:\/\/lapuerta.net\/en\/wp-json\/wp\/v2\/types\/page"}],"author":[{"embeddable":true,"href":"https:\/\/lapuerta.net\/en\/wp-json\/wp\/v2\/users\/1"}],"replies":[{"embeddable":true,"href":"https:\/\/lapuerta.net\/en\/wp-json\/wp\/v2\/comments?post=4621"}],"version-history":[{"count":5,"href":"https:\/\/lapuerta.net\/en\/wp-json\/wp\/v2\/pages\/4621\/revisions"}],"predecessor-version":[{"id":4644,"href":"https:\/\/lapuerta.net\/en\/wp-json\/wp\/v2\/pages\/4621\/revisions\/4644"}],"wp:attachment":[{"href":"https:\/\/lapuerta.net\/en\/wp-json\/wp\/v2\/media?parent=4621"}],"curies":[{"name":"wp","href":"https:\/\/api.w.org\/{rel}","templated":true}]}}